{"id":495,"date":"2026-02-28T21:52:15","date_gmt":"2026-02-28T21:52:15","guid":{"rendered":"https:\/\/thecatalyst.pe\/?page_id=495"},"modified":"2026-03-28T21:22:32","modified_gmt":"2026-03-28T21:22:32","slug":"volumen-4","status":"publish","type":"page","link":"https:\/\/thecatalyst.pe\/index.php\/volumen-4\/","title":{"rendered":"Volumen 4"},"content":{"rendered":"<style>.kb-row-layout-id495_f27134-e9 > .kt-row-column-wrap{align-content:center;}:where(.kb-row-layout-id495_f27134-e9 > .kt-row-column-wrap) > .wp-block-kadence-column{justify-content:center;}.kb-row-layout-id495_f27134-e9 > .kt-row-column-wrap{column-gap:var(--global-kb-gap-lg, 4rem);row-gap:var(--global-kb-gap-none, 0rem );max-width:var( --global-content-width, 1290px );padding-left:var(--global-content-edge-padding);padding-right:var(--global-content-edge-padding);padding-top:var(--global-kb-spacing-5xl, 10rem);padding-bottom:var(--global-kb-spacing-3xl, 6.5rem);grid-template-columns:minmax(0, calc(55% - ((var(--global-kb-gap-lg, 4rem) * 1 )\/2)))minmax(0, calc(45% - ((var(--global-kb-gap-lg, 4rem) * 1 )\/2)));}.kb-row-layout-id495_f27134-e9{background-image:linear-gradient(90deg,var(--global-palette7,#EDF2F7) 65%,var(--global-palette9,#ffffff) 65%);}.kb-row-layout-id495_f27134-e9 > .kt-row-layout-overlay{opacity:1;}@media all and (max-width: 1024px){.kb-row-layout-id495_f27134-e9 > .kt-row-column-wrap{column-gap:var(--global-kb-gap-md, 2rem);padding-top:var(--global-kb-spacing-3xl, 6.5rem);padding-bottom:var(--global-kb-spacing-3xl, 6.5rem);grid-template-columns:repeat(2, minmax(0, 1fr));}}@media all and (max-width: 767px){.kb-row-layout-id495_f27134-e9 > .kt-row-column-wrap{padding-top:var(--global-kb-spacing-3xl, 6.5rem);padding-bottom:var(--global-kb-spacing-xl, 4rem);grid-template-columns:minmax(0, 1fr);}}<\/style><div class=\"kb-row-layout-wrap kb-row-layout-id495_f27134-e9 alignfull has-theme-palette8-background-color kt-row-has-bg wp-block-kadence-rowlayout\"><div class=\"kt-row-column-wrap kt-has-2-columns kt-row-layout-equal kt-tab-layout-inherit kt-mobile-layout-row kt-row-valign-middle kb-theme-content-width\">\n<style>.kadence-column495_5e6408-1c > .kt-inside-inner-col,.kadence-column495_5e6408-1c > .kt-inside-inner-col:before{border-top-left-radius:0px;border-top-right-radius:0px;border-bottom-right-radius:0px;border-bottom-left-radius:0px;}.kadence-column495_5e6408-1c > .kt-inside-inner-col{column-gap:var(--global-kb-gap-sm, 1rem);}.kadence-column495_5e6408-1c > .kt-inside-inner-col{flex-direction:column;}.kadence-column495_5e6408-1c > .kt-inside-inner-col > .aligncenter{width:100%;}.kadence-column495_5e6408-1c > .kt-inside-inner-col:before{opacity:0.3;}.kadence-column495_5e6408-1c{position:relative;}@media all and (max-width: 1024px){.kadence-column495_5e6408-1c > .kt-inside-inner-col{padding-right:0px;flex-direction:column;justify-content:center;}}@media all and (max-width: 1024px){.kadence-column495_5e6408-1c{text-align:center;}}@media all and (max-width: 767px){.kadence-column495_5e6408-1c > .kt-inside-inner-col{flex-direction:column;justify-content:center;}.kadence-column495_5e6408-1c, .kt-inside-inner-col > .kadence-column495_5e6408-1c:not(.specificity){margin-bottom:var(--global-kb-spacing-md, 2rem);}}<\/style>\n<div class=\"wp-block-kadence-column kadence-column495_5e6408-1c kb-section-dir-vertical inner-column-1\"><div class=\"kt-inside-inner-col\"><style>.wp-block-kadence-advancedheading.kt-adv-heading495_44c643-5f, .wp-block-kadence-advancedheading.kt-adv-heading495_44c643-5f[data-kb-block=\"kb-adv-heading495_44c643-5f\"]{margin-bottom:var(--global-kb-spacing-sm, 1.5rem);line-height:1em;font-weight:400;font-style:normal;text-transform:uppercase;letter-spacing:1px;}.wp-block-kadence-advancedheading.kt-adv-heading495_44c643-5f mark.kt-highlight, .wp-block-kadence-advancedheading.kt-adv-heading495_44c643-5f[data-kb-block=\"kb-adv-heading495_44c643-5f\"] mark.kt-highlight{font-style:normal;color:#f76a0c;-webkit-box-decoration-break:clone;box-decoration-break:clone;padding-top:0px;padding-right:0px;padding-bottom:0px;padding-left:0px;}.wp-block-kadence-advancedheading.kt-adv-heading495_44c643-5f img.kb-inline-image, .wp-block-kadence-advancedheading.kt-adv-heading495_44c643-5f[data-kb-block=\"kb-adv-heading495_44c643-5f\"] img.kb-inline-image{width:150px;vertical-align:baseline;}@media all and (max-width: 1024px){.wp-block-kadence-advancedheading.kt-adv-heading495_44c643-5f, .wp-block-kadence-advancedheading.kt-adv-heading495_44c643-5f[data-kb-block=\"kb-adv-heading495_44c643-5f\"]{text-align:center!important;}}<\/style>\n<p class=\"kt-adv-heading495_44c643-5f wp-block-kadence-advancedheading has-theme-palette-1-color has-text-color\" data-kb-block=\"kb-adv-heading495_44c643-5f\">Volumen 4.1<\/p>\n\n\n<style>.wp-block-kadence-advancedheading.kt-adv-heading495_fabe4e-f2, .wp-block-kadence-advancedheading.kt-adv-heading495_fabe4e-f2[data-kb-block=\"kb-adv-heading495_fabe4e-f2\"]{margin-top:0px;margin-bottom:var(--global-kb-spacing-lg, 3rem);font-size:var(--global-kb-font-size-xxl, 4rem);line-height:1.2;font-style:normal;}.wp-block-kadence-advancedheading.kt-adv-heading495_fabe4e-f2 mark.kt-highlight, .wp-block-kadence-advancedheading.kt-adv-heading495_fabe4e-f2[data-kb-block=\"kb-adv-heading495_fabe4e-f2\"] mark.kt-highlight{font-style:normal;color:#f76a0c;-webkit-box-decoration-break:clone;box-decoration-break:clone;padding-top:0px;padding-right:0px;padding-bottom:0px;padding-left:0px;}.wp-block-kadence-advancedheading.kt-adv-heading495_fabe4e-f2 img.kb-inline-image, .wp-block-kadence-advancedheading.kt-adv-heading495_fabe4e-f2[data-kb-block=\"kb-adv-heading495_fabe4e-f2\"] img.kb-inline-image{width:150px;vertical-align:baseline;}@media all and (max-width: 1024px){.wp-block-kadence-advancedheading.kt-adv-heading495_fabe4e-f2, .wp-block-kadence-advancedheading.kt-adv-heading495_fabe4e-f2[data-kb-block=\"kb-adv-heading495_fabe4e-f2\"]{font-size:var(--global-kb-font-size-lg, 2rem);text-align:left!important;}}<\/style>\n<h1 class=\"kt-adv-heading495_fabe4e-f2 wp-block-kadence-advancedheading\" data-kb-block=\"kb-adv-heading495_fabe4e-f2\">REFINACI\u00d3N DE PETR\u00d3LEO &#8211; PARTE 1<\/h1>\n\n\n<style>.wp-block-kadence-advancedheading.kt-adv-heading495_95c4d9-22, .wp-block-kadence-advancedheading.kt-adv-heading495_95c4d9-22[data-kb-block=\"kb-adv-heading495_95c4d9-22\"]{font-style:normal;}.wp-block-kadence-advancedheading.kt-adv-heading495_95c4d9-22 mark.kt-highlight, .wp-block-kadence-advancedheading.kt-adv-heading495_95c4d9-22[data-kb-block=\"kb-adv-heading495_95c4d9-22\"] mark.kt-highlight{font-style:normal;color:#f76a0c;-webkit-box-decoration-break:clone;box-decoration-break:clone;padding-top:0px;padding-right:0px;padding-bottom:0px;padding-left:0px;}.wp-block-kadence-advancedheading.kt-adv-heading495_95c4d9-22 img.kb-inline-image, .wp-block-kadence-advancedheading.kt-adv-heading495_95c4d9-22[data-kb-block=\"kb-adv-heading495_95c4d9-22\"] img.kb-inline-image{width:150px;vertical-align:baseline;}@media all and (max-width: 1024px){.wp-block-kadence-advancedheading.kt-adv-heading495_95c4d9-22, .wp-block-kadence-advancedheading.kt-adv-heading495_95c4d9-22[data-kb-block=\"kb-adv-heading495_95c4d9-22\"]{text-align:left!important;}}<\/style>\n<p class=\"kt-adv-heading495_95c4d9-22 wp-block-kadence-advancedheading has-theme-palette-4-color has-text-color\" data-kb-block=\"kb-adv-heading495_95c4d9-22\">El petr\u00f3leo crudo es <strong>un recurso energ\u00e9tico fundamental<\/strong> que, tras su extracci\u00f3n y transporte hacia refiner\u00edas, ingresa al proceso de<strong> refinaci\u00f3n<\/strong>, donde una mezcla compleja de hidrocarburos se transforma en productos \u00fatiles para la industria. Este proceso inicia con el <strong>acondicionamiento<\/strong>, en el cual se eliminan impurezas como agua y sales mediante equipos como<strong> el desalador<\/strong>, protegiendo las unidades posteriores. Luego, a trav\u00e9s de <strong>la destilaci\u00f3n fraccionada<\/strong> en torres de destilaci\u00f3n, el crudo se separa en distintas fracciones seg\u00fan su punto de ebullici\u00f3n, obteniendo desde gases ligeros hasta productos m\u00e1s pesados. Gracias al control de variables operativas y al uso de equipos especializados, la ingenier\u00eda qu\u00edmica convierte esta materia prima en combustibles y derivados de alto valor, esenciales para el desarrollo energ\u00e9tico e industrial.<\/p>\n\n\n<style>.kadence-column495_be0dbe-c1 > .kt-inside-inner-col,.kadence-column495_be0dbe-c1 > .kt-inside-inner-col:before{border-top-left-radius:0px;border-top-right-radius:0px;border-bottom-right-radius:0px;border-bottom-left-radius:0px;}.kadence-column495_be0dbe-c1 > .kt-inside-inner-col{column-gap:var(--global-kb-gap-sm, 1rem);}.kadence-column495_be0dbe-c1 > .kt-inside-inner-col{flex-direction:column;}.kadence-column495_be0dbe-c1 > .kt-inside-inner-col > .aligncenter{width:100%;}.kadence-column495_be0dbe-c1 > .kt-inside-inner-col:before{opacity:0.3;}.kadence-column495_be0dbe-c1{position:relative;}@media all and (max-width: 1024px){.kadence-column495_be0dbe-c1 > .kt-inside-inner-col{flex-direction:column;justify-content:center;}}@media all and (max-width: 767px){.kadence-column495_be0dbe-c1 > .kt-inside-inner-col{flex-direction:column;justify-content:center;}}<\/style>\n<div class=\"wp-block-kadence-column kadence-column495_be0dbe-c1\"><div class=\"kt-inside-inner-col\"><div class=\"_df_thumb \" id=\"df_491\"  _slug=\"volumen-4\" data-title=\"volumen-4-1\" wpoptions=\"true\" thumb=\"https:\/\/thecatalyst.pe\/wp-content\/uploads\/2026\/02\/P1-volumen-4.1-PANORAMA-ACONDICIONAMIENTO-Y-DESTILACION.png\" thumbtype=\"\" >Volumen 4.1<\/div><script class=\"df-shortcode-script\" nowprocket type=\"application\/javascript\">window.option_df_491 = {\"outline\":[],\"autoEnableOutline\":\"false\",\"autoEnableThumbnail\":\"false\",\"overwritePDFOutline\":\"false\",\"direction\":\"1\",\"pageSize\":\"0\",\"source\":\"https:\\\/\\\/thecatalyst.pe\\\/wp-content\\\/uploads\\\/2026\\\/02\\\/P1-volumen-4.1-PANORAMA-ACONDICIONAMIENTO-Y-DESTILACION-4.pdf\",\"wpOptions\":\"true\"}; if(window.DFLIP && window.DFLIP.parseBooks){window.DFLIP.parseBooks();}<\/script>\n<\/div><\/div>\n<\/div><\/div>\n\n\n<style>.kadence-column495_ab0343-b6 > .kt-inside-inner-col,.kadence-column495_ab0343-b6 > .kt-inside-inner-col:before{border-top-left-radius:0px;border-top-right-radius:0px;border-bottom-right-radius:0px;border-bottom-left-radius:0px;}.kadence-column495_ab0343-b6 > .kt-inside-inner-col{column-gap:var(--global-kb-gap-sm, 1rem);}.kadence-column495_ab0343-b6 > .kt-inside-inner-col{flex-direction:column;}.kadence-column495_ab0343-b6 > .kt-inside-inner-col > .aligncenter{width:100%;}.kadence-column495_ab0343-b6 > .kt-inside-inner-col:before{opacity:0.3;}.kadence-column495_ab0343-b6{position:relative;}@media all and (max-width: 1024px){.kadence-column495_ab0343-b6 > .kt-inside-inner-col{flex-direction:column;justify-content:center;}}@media all and (max-width: 767px){.kadence-column495_ab0343-b6 > .kt-inside-inner-col{flex-direction:column;justify-content:center;}}<\/style>\n<div class=\"wp-block-kadence-column kadence-column495_ab0343-b6 inner-column-2\"><div class=\"kt-inside-inner-col\"><style>.kb-image495_469ffc-9e .kb-image-has-overlay:after{opacity:0.3;border-top-left-radius:15px;border-top-right-radius:15px;border-bottom-right-radius:15px;border-bottom-left-radius:15px;}.kb-image495_469ffc-9e img.kb-img, .kb-image495_469ffc-9e .kb-img img{border-top-left-radius:15px;border-top-right-radius:15px;border-bottom-right-radius:15px;border-bottom-left-radius:15px;}@media all and (max-width: 767px){.wp-block-kadence-image.kb-image495_469ffc-9e:not(.kb-specificity-added):not(.kb-extra-specificity-added){margin-right:0px;margin-left:0px;}}<\/style>\n<figure class=\"wp-block-kadence-image kb-image495_469ffc-9e size-large kb-image-is-ratio-size\"><div class=\"kb-is-ratio-image kb-image-ratio-square\"><img loading=\"lazy\" decoding=\"async\" width=\"670\" height=\"1024\" src=\"https:\/\/thecatalyst.pe\/wp-content\/uploads\/2026\/03\/8deb95eee44321a094e8cf6173579e04-670x1024.jpg\" alt=\"\" class=\"kb-img wp-image-661\" srcset=\"https:\/\/thecatalyst.pe\/wp-content\/uploads\/2026\/03\/8deb95eee44321a094e8cf6173579e04-670x1024.jpg 670w, https:\/\/thecatalyst.pe\/wp-content\/uploads\/2026\/03\/8deb95eee44321a094e8cf6173579e04-196x300.jpg 196w, https:\/\/thecatalyst.pe\/wp-content\/uploads\/2026\/03\/8deb95eee44321a094e8cf6173579e04-600x917.jpg 600w, https:\/\/thecatalyst.pe\/wp-content\/uploads\/2026\/03\/8deb95eee44321a094e8cf6173579e04.jpg 720w\" sizes=\"auto, (max-width: 670px) 100vw, 670px\" \/><\/div><\/figure>\n<\/div><\/div>\n\n<\/div><\/div>\n\n<style>.kb-row-layout-id495_d49e54-11 > .kt-row-column-wrap{align-content:center;}:where(.kb-row-layout-id495_d49e54-11 > .kt-row-column-wrap) > .wp-block-kadence-column{justify-content:center;}.kb-row-layout-id495_d49e54-11 > .kt-row-column-wrap{column-gap:var(--global-kb-gap-lg, 4rem);row-gap:var(--global-kb-gap-none, 0rem );max-width:var( --global-content-width, 1290px );padding-left:var(--global-content-edge-padding);padding-right:var(--global-content-edge-padding);padding-top:var(--global-kb-spacing-5xl, 10rem);padding-bottom:var(--global-kb-spacing-3xl, 6.5rem);grid-template-columns:minmax(0, calc(45% - ((var(--global-kb-gap-lg, 4rem) * 1 )\/2)))minmax(0, calc(55% - ((var(--global-kb-gap-lg, 4rem) * 1 )\/2)));}.kb-row-layout-id495_d49e54-11{background-image:linear-gradient(90deg,var(--global-palette7,#EDF2F7) 65%,var(--global-palette9,#ffffff) 65%);}.kb-row-layout-id495_d49e54-11 > .kt-row-layout-overlay{opacity:1;}@media all and (max-width: 1024px){.kb-row-layout-id495_d49e54-11 > .kt-row-column-wrap{column-gap:var(--global-kb-gap-md, 2rem);padding-top:var(--global-kb-spacing-3xl, 6.5rem);padding-bottom:var(--global-kb-spacing-3xl, 6.5rem);grid-template-columns:repeat(2, minmax(0, 1fr));}}@media all and (max-width: 767px){.kb-row-layout-id495_d49e54-11 > .kt-row-column-wrap{padding-top:var(--global-kb-spacing-3xl, 6.5rem);padding-bottom:var(--global-kb-spacing-xl, 4rem);grid-template-columns:minmax(0, 1fr);}}<\/style><div class=\"kb-row-layout-wrap kb-row-layout-id495_d49e54-11 alignfull has-theme-palette8-background-color kt-row-has-bg wp-block-kadence-rowlayout\"><div class=\"kt-row-column-wrap kt-has-2-columns kt-row-layout-equal kt-tab-layout-inherit kt-mobile-layout-row kt-row-valign-middle kb-theme-content-width\">\n<style>.kadence-column495_eadf2f-8f > .kt-inside-inner-col,.kadence-column495_eadf2f-8f > .kt-inside-inner-col:before{border-top-left-radius:0px;border-top-right-radius:0px;border-bottom-right-radius:0px;border-bottom-left-radius:0px;}.kadence-column495_eadf2f-8f > .kt-inside-inner-col{column-gap:var(--global-kb-gap-sm, 1rem);}.kadence-column495_eadf2f-8f > .kt-inside-inner-col{flex-direction:column;}.kadence-column495_eadf2f-8f > .kt-inside-inner-col > .aligncenter{width:100%;}.kadence-column495_eadf2f-8f > .kt-inside-inner-col:before{opacity:0.3;}.kadence-column495_eadf2f-8f{position:relative;}@media all and (max-width: 1024px){.kadence-column495_eadf2f-8f > .kt-inside-inner-col{flex-direction:column;justify-content:center;}}@media all and (max-width: 767px){.kadence-column495_eadf2f-8f > .kt-inside-inner-col{flex-direction:column;justify-content:center;}}<\/style>\n<div class=\"wp-block-kadence-column kadence-column495_eadf2f-8f inner-column-2\"><div class=\"kt-inside-inner-col\"><style>.kb-image495_edbacd-dd .kb-image-has-overlay:after{opacity:0.3;border-top-left-radius:15px;border-top-right-radius:15px;border-bottom-right-radius:15px;border-bottom-left-radius:15px;}.kb-image495_edbacd-dd img.kb-img, .kb-image495_edbacd-dd .kb-img img{border-top-left-radius:15px;border-top-right-radius:15px;border-bottom-right-radius:15px;border-bottom-left-radius:15px;}@media all and (max-width: 767px){.wp-block-kadence-image.kb-image495_edbacd-dd:not(.kb-specificity-added):not(.kb-extra-specificity-added){margin-right:0px;margin-left:0px;}}<\/style>\n<figure class=\"wp-block-kadence-image kb-image495_edbacd-dd size-full kb-image-is-ratio-size\"><div class=\"kb-is-ratio-image kb-image-ratio-square\"><img loading=\"lazy\" decoding=\"async\" width=\"400\" height=\"499\" src=\"https:\/\/thecatalyst.pe\/wp-content\/uploads\/2026\/03\/R.gif\" alt=\"\" class=\"kb-img wp-image-663\"\/><\/div><\/figure>\n<\/div><\/div>\n\n\n<style>.kadence-column495_86042f-8f > .kt-inside-inner-col,.kadence-column495_86042f-8f > .kt-inside-inner-col:before{border-top-left-radius:0px;border-top-right-radius:0px;border-bottom-right-radius:0px;border-bottom-left-radius:0px;}.kadence-column495_86042f-8f > .kt-inside-inner-col{column-gap:var(--global-kb-gap-sm, 1rem);}.kadence-column495_86042f-8f > .kt-inside-inner-col{flex-direction:column;}.kadence-column495_86042f-8f > .kt-inside-inner-col > .aligncenter{width:100%;}.kadence-column495_86042f-8f > .kt-inside-inner-col:before{opacity:0.3;}.kadence-column495_86042f-8f{position:relative;}@media all and (max-width: 1024px){.kadence-column495_86042f-8f > .kt-inside-inner-col{padding-right:0px;flex-direction:column;justify-content:center;}}@media all and (max-width: 1024px){.kadence-column495_86042f-8f{text-align:center;}}@media all and (max-width: 767px){.kadence-column495_86042f-8f > .kt-inside-inner-col{flex-direction:column;justify-content:center;}.kadence-column495_86042f-8f, .kt-inside-inner-col > .kadence-column495_86042f-8f:not(.specificity){margin-bottom:var(--global-kb-spacing-md, 2rem);}}<\/style>\n<div class=\"wp-block-kadence-column kadence-column495_86042f-8f kb-section-dir-vertical inner-column-1\"><div class=\"kt-inside-inner-col\"><style>.wp-block-kadence-advancedheading.kt-adv-heading495_99dc0b-fd, .wp-block-kadence-advancedheading.kt-adv-heading495_99dc0b-fd[data-kb-block=\"kb-adv-heading495_99dc0b-fd\"]{margin-bottom:var(--global-kb-spacing-sm, 1.5rem);line-height:1em;font-weight:400;font-style:normal;text-transform:uppercase;letter-spacing:1px;}.wp-block-kadence-advancedheading.kt-adv-heading495_99dc0b-fd mark.kt-highlight, .wp-block-kadence-advancedheading.kt-adv-heading495_99dc0b-fd[data-kb-block=\"kb-adv-heading495_99dc0b-fd\"] mark.kt-highlight{font-style:normal;color:#f76a0c;-webkit-box-decoration-break:clone;box-decoration-break:clone;padding-top:0px;padding-right:0px;padding-bottom:0px;padding-left:0px;}.wp-block-kadence-advancedheading.kt-adv-heading495_99dc0b-fd img.kb-inline-image, .wp-block-kadence-advancedheading.kt-adv-heading495_99dc0b-fd[data-kb-block=\"kb-adv-heading495_99dc0b-fd\"] img.kb-inline-image{width:150px;vertical-align:baseline;}@media all and (max-width: 1024px){.wp-block-kadence-advancedheading.kt-adv-heading495_99dc0b-fd, .wp-block-kadence-advancedheading.kt-adv-heading495_99dc0b-fd[data-kb-block=\"kb-adv-heading495_99dc0b-fd\"]{text-align:center!important;}}<\/style>\n<p class=\"kt-adv-heading495_99dc0b-fd wp-block-kadence-advancedheading has-theme-palette-1-color has-text-color\" data-kb-block=\"kb-adv-heading495_99dc0b-fd\">Volumen 4.2<\/p>\n\n\n<style>.wp-block-kadence-advancedheading.kt-adv-heading495_acae27-97, .wp-block-kadence-advancedheading.kt-adv-heading495_acae27-97[data-kb-block=\"kb-adv-heading495_acae27-97\"]{margin-top:0px;margin-bottom:var(--global-kb-spacing-lg, 3rem);font-size:var(--global-kb-font-size-xxl, 4rem);line-height:1.2;font-style:normal;}.wp-block-kadence-advancedheading.kt-adv-heading495_acae27-97 mark.kt-highlight, .wp-block-kadence-advancedheading.kt-adv-heading495_acae27-97[data-kb-block=\"kb-adv-heading495_acae27-97\"] mark.kt-highlight{font-style:normal;color:#f76a0c;-webkit-box-decoration-break:clone;box-decoration-break:clone;padding-top:0px;padding-right:0px;padding-bottom:0px;padding-left:0px;}.wp-block-kadence-advancedheading.kt-adv-heading495_acae27-97 img.kb-inline-image, .wp-block-kadence-advancedheading.kt-adv-heading495_acae27-97[data-kb-block=\"kb-adv-heading495_acae27-97\"] img.kb-inline-image{width:150px;vertical-align:baseline;}@media all and (max-width: 1024px){.wp-block-kadence-advancedheading.kt-adv-heading495_acae27-97, .wp-block-kadence-advancedheading.kt-adv-heading495_acae27-97[data-kb-block=\"kb-adv-heading495_acae27-97\"]{font-size:var(--global-kb-font-size-lg, 2rem);text-align:left!important;}}<\/style>\n<h1 class=\"kt-adv-heading495_acae27-97 wp-block-kadence-advancedheading\" data-kb-block=\"kb-adv-heading495_acae27-97\">REFINACI\u00d3N DE PETR\u00d3LEO &#8211; PARTE 2<\/h1>\n\n\n<style>.wp-block-kadence-advancedheading.kt-adv-heading495_3749fa-d6, .wp-block-kadence-advancedheading.kt-adv-heading495_3749fa-d6[data-kb-block=\"kb-adv-heading495_3749fa-d6\"]{font-style:normal;}.wp-block-kadence-advancedheading.kt-adv-heading495_3749fa-d6 mark.kt-highlight, .wp-block-kadence-advancedheading.kt-adv-heading495_3749fa-d6[data-kb-block=\"kb-adv-heading495_3749fa-d6\"] mark.kt-highlight{font-style:normal;color:#f76a0c;-webkit-box-decoration-break:clone;box-decoration-break:clone;padding-top:0px;padding-right:0px;padding-bottom:0px;padding-left:0px;}.wp-block-kadence-advancedheading.kt-adv-heading495_3749fa-d6 img.kb-inline-image, .wp-block-kadence-advancedheading.kt-adv-heading495_3749fa-d6[data-kb-block=\"kb-adv-heading495_3749fa-d6\"] img.kb-inline-image{width:150px;vertical-align:baseline;}@media all and (max-width: 1024px){.wp-block-kadence-advancedheading.kt-adv-heading495_3749fa-d6, .wp-block-kadence-advancedheading.kt-adv-heading495_3749fa-d6[data-kb-block=\"kb-adv-heading495_3749fa-d6\"]{text-align:left!important;}}<\/style>\n<p class=\"kt-adv-heading495_3749fa-d6 wp-block-kadence-advancedheading has-theme-palette-4-color has-text-color\" data-kb-block=\"kb-adv-heading495_3749fa-d6\">El petr\u00f3leo <strong>no solo es un recurso energ\u00e9tico<\/strong>, sino tambi\u00e9n un eje clave en la geopol\u00edtica global, donde las din\u00e1micas del mercado y la transici\u00f3n energ\u00e9tica est\u00e1n redefiniendo la industria de la refinaci\u00f3n. En este contexto, etapas avanzadas como el <strong>craqueo catal\u00edtico<\/strong>, <strong>el tratamiento<\/strong> y <strong>el <em>blending<\/em><\/strong> permiten transformar fracciones pesadas en combustibles de mayor valor y mejor desempe\u00f1o. Estos procesos se llevan a cabo en sistemas como el <strong>reactor-regenerador<\/strong>, donde la ingenier\u00eda qu\u00edmica optimiza condiciones de reacci\u00f3n, recuperaci\u00f3n de catalizador y eficiencia operativa. As\u00ed, la refinaci\u00f3n evoluciona continuamente para adaptarse a las nuevas demandas energ\u00e9ticas y a un entorno global en constante cambio.<br><br><\/p>\n\n\n<style>.kadence-column495_384019-77 > .kt-inside-inner-col,.kadence-column495_384019-77 > .kt-inside-inner-col:before{border-top-left-radius:0px;border-top-right-radius:0px;border-bottom-right-radius:0px;border-bottom-left-radius:0px;}.kadence-column495_384019-77 > .kt-inside-inner-col{column-gap:var(--global-kb-gap-sm, 1rem);}.kadence-column495_384019-77 > .kt-inside-inner-col{flex-direction:column;}.kadence-column495_384019-77 > .kt-inside-inner-col > .aligncenter{width:100%;}.kadence-column495_384019-77 > .kt-inside-inner-col:before{opacity:0.3;}.kadence-column495_384019-77{position:relative;}@media all and (max-width: 1024px){.kadence-column495_384019-77 > .kt-inside-inner-col{flex-direction:column;justify-content:center;}}@media all and (max-width: 767px){.kadence-column495_384019-77 > .kt-inside-inner-col{flex-direction:column;justify-content:center;}}<\/style>\n<div class=\"wp-block-kadence-column kadence-column495_384019-77\"><div class=\"kt-inside-inner-col\"><div class=\"_df_thumb \" id=\"df_491\"  _slug=\"volumen-4\" data-title=\"volumen-4-1\" wpoptions=\"true\" thumb=\"https:\/\/thecatalyst.pe\/wp-content\/uploads\/2026\/02\/P1-volumen-4.1-PANORAMA-ACONDICIONAMIENTO-Y-DESTILACION.png\" thumbtype=\"\" >Volumen 4.1<\/div><script class=\"df-shortcode-script\" nowprocket type=\"application\/javascript\">window.option_df_491 = {\"outline\":[],\"autoEnableOutline\":\"false\",\"autoEnableThumbnail\":\"false\",\"overwritePDFOutline\":\"false\",\"direction\":\"1\",\"pageSize\":\"0\",\"source\":\"https:\\\/\\\/thecatalyst.pe\\\/wp-content\\\/uploads\\\/2026\\\/02\\\/P1-volumen-4.1-PANORAMA-ACONDICIONAMIENTO-Y-DESTILACION-4.pdf\",\"wpOptions\":\"true\"}; if(window.DFLIP && window.DFLIP.parseBooks){window.DFLIP.parseBooks();}<\/script>\n<\/div><\/div>\n<\/div><\/div>\n\n<\/div><\/div>","protected":false},"excerpt":{"rendered":"<p>Volumen 4.1 REFINACI\u00d3N DE PETR\u00d3LEO &#8211; PARTE 1 El petr\u00f3leo crudo es un recurso energ\u00e9tico fundamental que, tras su extracci\u00f3n y transporte hacia refiner\u00edas, ingresa al proceso de refinaci\u00f3n, donde una mezcla compleja de hidrocarburos se transforma en productos \u00fatiles para la industria. Este proceso inicia con el acondicionamiento, en el cual se eliminan impurezas&#8230;<\/p>\n","protected":false},"author":1,"featured_media":0,"parent":0,"menu_order":0,"comment_status":"closed","ping_status":"closed","template":"","meta":{"_kadence_starter_templates_imported_post":false,"_kad_post_transparent":"","_kad_post_title":"","_kad_post_layout":"","_kad_post_sidebar_id":"","_kad_post_content_style":"","_kad_post_vertical_padding":"","_kad_post_feature":"","_kad_post_feature_position":"","_kad_post_header":false,"_kad_post_footer":false,"_kad_post_classname":"","footnotes":""},"class_list":["post-495","page","type-page","status-publish","hentry"],"_links":{"self":[{"href":"https:\/\/thecatalyst.pe\/index.php\/wp-json\/wp\/v2\/pages\/495","targetHints":{"allow":["GET"]}}],"collection":[{"href":"https:\/\/thecatalyst.pe\/index.php\/wp-json\/wp\/v2\/pages"}],"about":[{"href":"https:\/\/thecatalyst.pe\/index.php\/wp-json\/wp\/v2\/types\/page"}],"author":[{"embeddable":true,"href":"https:\/\/thecatalyst.pe\/index.php\/wp-json\/wp\/v2\/users\/1"}],"replies":[{"embeddable":true,"href":"https:\/\/thecatalyst.pe\/index.php\/wp-json\/wp\/v2\/comments?post=495"}],"version-history":[{"count":9,"href":"https:\/\/thecatalyst.pe\/index.php\/wp-json\/wp\/v2\/pages\/495\/revisions"}],"predecessor-version":[{"id":664,"href":"https:\/\/thecatalyst.pe\/index.php\/wp-json\/wp\/v2\/pages\/495\/revisions\/664"}],"wp:attachment":[{"href":"https:\/\/thecatalyst.pe\/index.php\/wp-json\/wp\/v2\/media?parent=495"}],"curies":[{"name":"wp","href":"https:\/\/api.w.org\/{rel}","templated":true}]}}