{"id":302,"date":"2026-01-07T04:46:27","date_gmt":"2026-01-07T04:46:27","guid":{"rendered":"https:\/\/thecatalyst.pe\/?page_id=302"},"modified":"2026-01-25T16:36:04","modified_gmt":"2026-01-25T16:36:04","slug":"historia","status":"publish","type":"page","link":"https:\/\/thecatalyst.pe\/index.php\/historia\/","title":{"rendered":"Historia"},"content":{"rendered":"\n<p>La <strong>Ingenier\u00eda Qu\u00edmica<\/strong> es, ante todo, una disciplina que transforma: transforma materia, energ\u00eda e ideas. Bajo esa misma premisa nace <strong>The Catalyst<\/strong>, como el resultado de muchas conversaciones, proyectos e iniciativas que durante mucho tiempo quedaron a medio camino, pero que compart\u00edan un mismo objetivo: crear algo que perdure.<\/p>\n\n\n\n<p>La idea de la revista surge de la curiosidad por comprender mejor nuestra propia carrera y de la necesidad de acercarnos, desde una mirada m\u00e1s clara y accesible, a la ingenier\u00eda qu\u00edmica. En la facultad, es com\u00fan preguntarnos a qu\u00e9 sector de la industria queremos dedicarnos. Al mismo tiempo, aparecen vac\u00edos en nuestra formaci\u00f3n inicial: conceptos, equipos y procesos \u2014como el funcionamiento de un caldero o una bomba\u2014 que no siempre se comprenden con claridad, incluso en ciclos avanzados.<\/p>\n\n\n\n<p>Frente a esta realidad, <strong>The Catalyst<\/strong> nace con la intenci\u00f3n de llenar ese espacio. Buscamos difundir conocimiento t\u00e9cnico de manera cercana, comprensible y progresiva, desde los primeros ciclos de la carrera. En un contexto donde no existe un curso introductorio a la ingenier\u00eda qu\u00edmica, la revista se convierte en un puente entre la teor\u00eda acad\u00e9mica y el mundo real de los procesos, los equipos y los materiales que definen nuestra profesi\u00f3n.<\/p>\n\n\n\n<p><strong>The Catalyst<\/strong> es un proyecto editorial construido por estudiantes, para estudiantes, con el prop\u00f3sito de despertar la curiosidad, fortalecer la comprensi\u00f3n de la carrera y acelerar el aprendizaje en ingenier\u00eda qu\u00edmica, tal como lo har\u00eda un buen catalizador.<\/p>\n","protected":false},"excerpt":{"rendered":"<p>La Ingenier\u00eda Qu\u00edmica es, ante todo, una disciplina que transforma: transforma materia, energ\u00eda e ideas. Bajo esa misma premisa nace The Catalyst, como el resultado de muchas conversaciones, proyectos e iniciativas que durante mucho tiempo quedaron a medio camino, pero que compart\u00edan un mismo objetivo: crear algo que perdure. La idea de la revista surge&#8230;<\/p>\n","protected":false},"author":1,"featured_media":0,"parent":0,"menu_order":0,"comment_status":"closed","ping_status":"closed","template":"","meta":{"_kadence_starter_templates_imported_post":false,"_kad_post_transparent":"","_kad_post_title":"","_kad_post_layout":"","_kad_post_sidebar_id":"","_kad_post_content_style":"","_kad_post_vertical_padding":"","_kad_post_feature":"","_kad_post_feature_position":"","_kad_post_header":false,"_kad_post_footer":false,"_kad_post_classname":"","footnotes":""},"class_list":["post-302","page","type-page","status-publish","hentry"],"_links":{"self":[{"href":"https:\/\/thecatalyst.pe\/index.php\/wp-json\/wp\/v2\/pages\/302","targetHints":{"allow":["GET"]}}],"collection":[{"href":"https:\/\/thecatalyst.pe\/index.php\/wp-json\/wp\/v2\/pages"}],"about":[{"href":"https:\/\/thecatalyst.pe\/index.php\/wp-json\/wp\/v2\/types\/page"}],"author":[{"embeddable":true,"href":"https:\/\/thecatalyst.pe\/index.php\/wp-json\/wp\/v2\/users\/1"}],"replies":[{"embeddable":true,"href":"https:\/\/thecatalyst.pe\/index.php\/wp-json\/wp\/v2\/comments?post=302"}],"version-history":[{"count":3,"href":"https:\/\/thecatalyst.pe\/index.php\/wp-json\/wp\/v2\/pages\/302\/revisions"}],"predecessor-version":[{"id":487,"href":"https:\/\/thecatalyst.pe\/index.php\/wp-json\/wp\/v2\/pages\/302\/revisions\/487"}],"wp:attachment":[{"href":"https:\/\/thecatalyst.pe\/index.php\/wp-json\/wp\/v2\/media?parent=302"}],"curies":[{"name":"wp","href":"https:\/\/api.w.org\/{rel}","templated":true}]}}