{"id":244,"date":"2026-01-04T18:45:08","date_gmt":"2026-01-04T18:45:08","guid":{"rendered":"https:\/\/thecatalyst.pe\/?page_id=244"},"modified":"2026-03-28T22:10:36","modified_gmt":"2026-03-28T22:10:36","slug":"volumen-0","status":"publish","type":"page","link":"https:\/\/thecatalyst.pe\/index.php\/volumen-0\/","title":{"rendered":"Volumen 0"},"content":{"rendered":"<style>.kb-row-layout-id244_407d0c-e7 > .kt-row-column-wrap{align-content:center;}:where(.kb-row-layout-id244_407d0c-e7 > .kt-row-column-wrap) > .wp-block-kadence-column{justify-content:center;}.kb-row-layout-id244_407d0c-e7 > .kt-row-column-wrap{column-gap:var(--global-kb-gap-lg, 4rem);row-gap:var(--global-kb-gap-none, 0rem );max-width:var( --global-content-width, 1290px );padding-left:var(--global-content-edge-padding);padding-right:var(--global-content-edge-padding);padding-top:var(--global-kb-spacing-5xl, 10rem);padding-bottom:var(--global-kb-spacing-3xl, 6.5rem);grid-template-columns:minmax(0, calc(55% - ((var(--global-kb-gap-lg, 4rem) * 1 )\/2)))minmax(0, calc(45% - ((var(--global-kb-gap-lg, 4rem) * 1 )\/2)));}.kb-row-layout-id244_407d0c-e7{background-image:linear-gradient(90deg,var(--global-palette7,#EDF2F7) 65%,var(--global-palette9,#ffffff) 65%);}.kb-row-layout-id244_407d0c-e7 > .kt-row-layout-overlay{opacity:1;}@media all and (max-width: 1024px){.kb-row-layout-id244_407d0c-e7 > .kt-row-column-wrap{column-gap:var(--global-kb-gap-md, 2rem);padding-top:var(--global-kb-spacing-3xl, 6.5rem);padding-bottom:var(--global-kb-spacing-3xl, 6.5rem);grid-template-columns:repeat(2, minmax(0, 1fr));}}@media all and (max-width: 767px){.kb-row-layout-id244_407d0c-e7 > .kt-row-column-wrap{padding-top:var(--global-kb-spacing-3xl, 6.5rem);padding-bottom:var(--global-kb-spacing-xl, 4rem);grid-template-columns:minmax(0, 1fr);}}<\/style><div class=\"kb-row-layout-wrap kb-row-layout-id244_407d0c-e7 alignfull has-theme-palette8-background-color kt-row-has-bg wp-block-kadence-rowlayout\"><div class=\"kt-row-column-wrap kt-has-2-columns kt-row-layout-equal kt-tab-layout-inherit kt-mobile-layout-row kt-row-valign-middle kb-theme-content-width\">\n<style>.kadence-column244_f134be-ae > .kt-inside-inner-col,.kadence-column244_f134be-ae > .kt-inside-inner-col:before{border-top-left-radius:0px;border-top-right-radius:0px;border-bottom-right-radius:0px;border-bottom-left-radius:0px;}.kadence-column244_f134be-ae > .kt-inside-inner-col{column-gap:var(--global-kb-gap-sm, 1rem);}.kadence-column244_f134be-ae > .kt-inside-inner-col{flex-direction:column;}.kadence-column244_f134be-ae > .kt-inside-inner-col > .aligncenter{width:100%;}.kadence-column244_f134be-ae > .kt-inside-inner-col:before{opacity:0.3;}.kadence-column244_f134be-ae{position:relative;}@media all and (max-width: 1024px){.kadence-column244_f134be-ae > .kt-inside-inner-col{padding-right:0px;flex-direction:column;justify-content:center;}}@media all and (max-width: 1024px){.kadence-column244_f134be-ae{text-align:center;}}@media all and (max-width: 767px){.kadence-column244_f134be-ae > .kt-inside-inner-col{flex-direction:column;justify-content:center;}.kadence-column244_f134be-ae, .kt-inside-inner-col > .kadence-column244_f134be-ae:not(.specificity){margin-bottom:var(--global-kb-spacing-md, 2rem);}}<\/style>\n<div class=\"wp-block-kadence-column kadence-column244_f134be-ae kb-section-dir-vertical inner-column-1\"><div class=\"kt-inside-inner-col\">\n<p><mark style=\"background-color:rgba(0, 0, 0, 0)\" class=\"has-inline-color has-theme-palette-1-color\">VOLUMEN 0<\/mark><\/p>\n\n\n<style>.wp-block-kadence-advancedheading.kt-adv-heading244_a99b13-ee, .wp-block-kadence-advancedheading.kt-adv-heading244_a99b13-ee[data-kb-block=\"kb-adv-heading244_a99b13-ee\"]{margin-top:0px;margin-bottom:var(--global-kb-spacing-lg, 3rem);font-size:var(--global-kb-font-size-xxl, 4rem);line-height:1.2;font-style:normal;}.wp-block-kadence-advancedheading.kt-adv-heading244_a99b13-ee mark.kt-highlight, .wp-block-kadence-advancedheading.kt-adv-heading244_a99b13-ee[data-kb-block=\"kb-adv-heading244_a99b13-ee\"] mark.kt-highlight{font-style:normal;color:#f76a0c;-webkit-box-decoration-break:clone;box-decoration-break:clone;padding-top:0px;padding-right:0px;padding-bottom:0px;padding-left:0px;}.wp-block-kadence-advancedheading.kt-adv-heading244_a99b13-ee img.kb-inline-image, .wp-block-kadence-advancedheading.kt-adv-heading244_a99b13-ee[data-kb-block=\"kb-adv-heading244_a99b13-ee\"] img.kb-inline-image{width:150px;vertical-align:baseline;}@media all and (max-width: 1024px){.wp-block-kadence-advancedheading.kt-adv-heading244_a99b13-ee, .wp-block-kadence-advancedheading.kt-adv-heading244_a99b13-ee[data-kb-block=\"kb-adv-heading244_a99b13-ee\"]{font-size:var(--global-kb-font-size-lg, 2rem);text-align:left!important;}}<\/style>\n<h1 class=\"kt-adv-heading244_a99b13-ee wp-block-kadence-advancedheading\" data-kb-block=\"kb-adv-heading244_a99b13-ee\">THE CATALYST &#8211; ORIGEN<\/h1>\n\n\n<style>.wp-block-kadence-advancedheading.kt-adv-heading244_774de1-8d, .wp-block-kadence-advancedheading.kt-adv-heading244_774de1-8d[data-kb-block=\"kb-adv-heading244_774de1-8d\"]{font-style:normal;}.wp-block-kadence-advancedheading.kt-adv-heading244_774de1-8d mark.kt-highlight, .wp-block-kadence-advancedheading.kt-adv-heading244_774de1-8d[data-kb-block=\"kb-adv-heading244_774de1-8d\"] mark.kt-highlight{font-style:normal;color:#f76a0c;-webkit-box-decoration-break:clone;box-decoration-break:clone;padding-top:0px;padding-right:0px;padding-bottom:0px;padding-left:0px;}.wp-block-kadence-advancedheading.kt-adv-heading244_774de1-8d img.kb-inline-image, .wp-block-kadence-advancedheading.kt-adv-heading244_774de1-8d[data-kb-block=\"kb-adv-heading244_774de1-8d\"] img.kb-inline-image{width:150px;vertical-align:baseline;}@media all and (max-width: 1024px){.wp-block-kadence-advancedheading.kt-adv-heading244_774de1-8d, .wp-block-kadence-advancedheading.kt-adv-heading244_774de1-8d[data-kb-block=\"kb-adv-heading244_774de1-8d\"]{text-align:left!important;}}<\/style>\n<p class=\"kt-adv-heading244_774de1-8d wp-block-kadence-advancedheading has-theme-palette-4-color has-text-color\" data-kb-block=\"kb-adv-heading244_774de1-8d\">La ingenier\u00eda qu\u00edmica transforma materia, energ\u00eda e ideas, y bajo esa esencia nace<strong>&nbsp;<em>The Catalyst<\/em>&nbsp;<\/strong>como un espacio que acerca la carrera de forma clara y accesible. Esta revista busca<strong>&nbsp;facilitar el primer contacto con la ingenier\u00eda, simplificando conceptos, procesos y equipos<\/strong>, y este volumen marca el inicio de un proyecto hecho por estudiantes para estudiantes, enfocado en despertar la curiosidad y fortalecer su formaci\u00f3n.<\/p>\n\n\n\n<div class=\"_df_thumb \" id=\"df_111\"  _slug=\"volumen-0\" data-title=\"volumen-0\" wpoptions=\"true\" thumb=\"https:\/\/thecatalyst.pe\/wp-content\/uploads\/2026\/01\/IMG_4678.jpg\" thumbtype=\"\" >VOLUMEN 0<\/div><script class=\"df-shortcode-script\" nowprocket type=\"application\/javascript\">window.option_df_111 = {\"outline\":[],\"autoEnableOutline\":\"false\",\"autoEnableThumbnail\":\"false\",\"overwritePDFOutline\":\"false\",\"direction\":\"1\",\"pageSize\":\"0\",\"source\":\"https:\\\/\\\/thecatalyst.pe\\\/wp-content\\\/uploads\\\/2026\\\/01\\\/Volumen-0-finalizado-.pdf\",\"wpOptions\":\"true\"}; if(window.DFLIP && window.DFLIP.parseBooks){window.DFLIP.parseBooks();}<\/script>\n<\/div><\/div>\n\n\n<style>.kadence-column244_5087b5-91 > .kt-inside-inner-col,.kadence-column244_5087b5-91 > .kt-inside-inner-col:before{border-top-left-radius:0px;border-top-right-radius:0px;border-bottom-right-radius:0px;border-bottom-left-radius:0px;}.kadence-column244_5087b5-91 > .kt-inside-inner-col{column-gap:var(--global-kb-gap-sm, 1rem);}.kadence-column244_5087b5-91 > .kt-inside-inner-col{flex-direction:column;}.kadence-column244_5087b5-91 > .kt-inside-inner-col > .aligncenter{width:100%;}.kadence-column244_5087b5-91 > .kt-inside-inner-col:before{opacity:0.3;}.kadence-column244_5087b5-91{position:relative;}@media all and (max-width: 1024px){.kadence-column244_5087b5-91 > .kt-inside-inner-col{flex-direction:column;justify-content:center;}}@media all and (max-width: 767px){.kadence-column244_5087b5-91 > .kt-inside-inner-col{flex-direction:column;justify-content:center;}}<\/style>\n<div class=\"wp-block-kadence-column kadence-column244_5087b5-91 inner-column-2\"><div class=\"kt-inside-inner-col\"><style>.kb-image244_5bac08-e0 .kb-image-has-overlay:after{opacity:0.3;border-top-left-radius:15px;border-top-right-radius:15px;border-bottom-right-radius:15px;border-bottom-left-radius:15px;}.kb-image244_5bac08-e0 img.kb-img, .kb-image244_5bac08-e0 .kb-img img{border-top-left-radius:15px;border-top-right-radius:15px;border-bottom-right-radius:15px;border-bottom-left-radius:15px;}@media all and (max-width: 767px){.wp-block-kadence-image.kb-image244_5bac08-e0:not(.kb-specificity-added):not(.kb-extra-specificity-added){margin-right:0px;margin-left:0px;}}<\/style>\n<figure class=\"wp-block-kadence-image kb-image244_5bac08-e0 size-full kb-image-is-ratio-size\"><div class=\"kb-is-ratio-image kb-image-ratio-square\"><img loading=\"lazy\" decoding=\"async\" width=\"474\" height=\"474\" src=\"https:\/\/thecatalyst.pe\/wp-content\/uploads\/2026\/03\/OIP.webp\" alt=\"\" class=\"kb-img wp-image-685\" srcset=\"https:\/\/thecatalyst.pe\/wp-content\/uploads\/2026\/03\/OIP.webp 474w, https:\/\/thecatalyst.pe\/wp-content\/uploads\/2026\/03\/OIP-300x300.webp 300w, https:\/\/thecatalyst.pe\/wp-content\/uploads\/2026\/03\/OIP-150x150.webp 150w, https:\/\/thecatalyst.pe\/wp-content\/uploads\/2026\/03\/OIP-100x100.webp 100w\" sizes=\"auto, (max-width: 474px) 100vw, 474px\" \/><\/div><\/figure>\n<\/div><\/div>\n\n<\/div><\/div>","protected":false},"excerpt":{"rendered":"<p>VOLUMEN 0 THE CATALYST &#8211; ORIGEN La ingenier\u00eda qu\u00edmica transforma materia, energ\u00eda e ideas, y bajo esa esencia nace&nbsp;The Catalyst&nbsp;como un espacio que acerca la carrera de forma clara y accesible. Esta revista busca&nbsp;facilitar el primer contacto con la ingenier\u00eda, simplificando conceptos, procesos y equipos, y este volumen marca el inicio de un proyecto hecho&#8230;<\/p>\n","protected":false},"author":1,"featured_media":0,"parent":0,"menu_order":0,"comment_status":"closed","ping_status":"closed","template":"","meta":{"_kadence_starter_templates_imported_post":false,"_kad_post_transparent":"","_kad_post_title":"","_kad_post_layout":"","_kad_post_sidebar_id":"","_kad_post_content_style":"","_kad_post_vertical_padding":"","_kad_post_feature":"","_kad_post_feature_position":"","_kad_post_header":false,"_kad_post_footer":false,"_kad_post_classname":"","footnotes":""},"class_list":["post-244","page","type-page","status-publish","hentry"],"_links":{"self":[{"href":"https:\/\/thecatalyst.pe\/index.php\/wp-json\/wp\/v2\/pages\/244","targetHints":{"allow":["GET"]}}],"collection":[{"href":"https:\/\/thecatalyst.pe\/index.php\/wp-json\/wp\/v2\/pages"}],"about":[{"href":"https:\/\/thecatalyst.pe\/index.php\/wp-json\/wp\/v2\/types\/page"}],"author":[{"embeddable":true,"href":"https:\/\/thecatalyst.pe\/index.php\/wp-json\/wp\/v2\/users\/1"}],"replies":[{"embeddable":true,"href":"https:\/\/thecatalyst.pe\/index.php\/wp-json\/wp\/v2\/comments?post=244"}],"version-history":[{"count":6,"href":"https:\/\/thecatalyst.pe\/index.php\/wp-json\/wp\/v2\/pages\/244\/revisions"}],"predecessor-version":[{"id":689,"href":"https:\/\/thecatalyst.pe\/index.php\/wp-json\/wp\/v2\/pages\/244\/revisions\/689"}],"wp:attachment":[{"href":"https:\/\/thecatalyst.pe\/index.php\/wp-json\/wp\/v2\/media?parent=244"}],"curies":[{"name":"wp","href":"https:\/\/api.w.org\/{rel}","templated":true}]}}