{"id":241,"date":"2026-01-04T18:44:16","date_gmt":"2026-01-04T18:44:16","guid":{"rendered":"https:\/\/thecatalyst.pe\/?page_id=241"},"modified":"2026-03-28T22:00:53","modified_gmt":"2026-03-28T22:00:53","slug":"volumen-1","status":"publish","type":"page","link":"https:\/\/thecatalyst.pe\/index.php\/volumen-1\/","title":{"rendered":"Volumen 1"},"content":{"rendered":"<style>.kb-row-layout-id241_85831c-a6 > .kt-row-column-wrap{align-content:center;}:where(.kb-row-layout-id241_85831c-a6 > .kt-row-column-wrap) > .wp-block-kadence-column{justify-content:center;}.kb-row-layout-id241_85831c-a6 > .kt-row-column-wrap{column-gap:var(--global-kb-gap-lg, 4rem);row-gap:var(--global-kb-gap-none, 0rem );max-width:var( --global-content-width, 1290px );padding-left:var(--global-content-edge-padding);padding-right:var(--global-content-edge-padding);padding-top:var(--global-kb-spacing-5xl, 10rem);padding-bottom:var(--global-kb-spacing-3xl, 6.5rem);grid-template-columns:minmax(0, calc(55% - ((var(--global-kb-gap-lg, 4rem) * 1 )\/2)))minmax(0, calc(45% - ((var(--global-kb-gap-lg, 4rem) * 1 )\/2)));}.kb-row-layout-id241_85831c-a6{background-image:linear-gradient(90deg,var(--global-palette7,#EDF2F7) 65%,var(--global-palette9,#ffffff) 65%);}.kb-row-layout-id241_85831c-a6 > .kt-row-layout-overlay{opacity:1;}@media all and (max-width: 1024px){.kb-row-layout-id241_85831c-a6 > .kt-row-column-wrap{column-gap:var(--global-kb-gap-md, 2rem);padding-top:var(--global-kb-spacing-3xl, 6.5rem);padding-bottom:var(--global-kb-spacing-3xl, 6.5rem);grid-template-columns:repeat(2, minmax(0, 1fr));}}@media all and (max-width: 767px){.kb-row-layout-id241_85831c-a6 > .kt-row-column-wrap{padding-top:var(--global-kb-spacing-3xl, 6.5rem);padding-bottom:var(--global-kb-spacing-xl, 4rem);grid-template-columns:minmax(0, 1fr);}}<\/style><div class=\"kb-row-layout-wrap kb-row-layout-id241_85831c-a6 alignfull has-theme-palette8-background-color kt-row-has-bg wp-block-kadence-rowlayout\"><div class=\"kt-row-column-wrap kt-has-2-columns kt-row-layout-equal kt-tab-layout-inherit kt-mobile-layout-row kt-row-valign-middle kb-theme-content-width\">\n<style>.kadence-column241_bb3169-aa > .kt-inside-inner-col,.kadence-column241_bb3169-aa > .kt-inside-inner-col:before{border-top-left-radius:0px;border-top-right-radius:0px;border-bottom-right-radius:0px;border-bottom-left-radius:0px;}.kadence-column241_bb3169-aa > .kt-inside-inner-col{column-gap:var(--global-kb-gap-sm, 1rem);}.kadence-column241_bb3169-aa > .kt-inside-inner-col{flex-direction:column;}.kadence-column241_bb3169-aa > .kt-inside-inner-col > .aligncenter{width:100%;}.kadence-column241_bb3169-aa > .kt-inside-inner-col:before{opacity:0.3;}.kadence-column241_bb3169-aa{position:relative;}@media all and (max-width: 1024px){.kadence-column241_bb3169-aa > .kt-inside-inner-col{padding-right:0px;flex-direction:column;justify-content:center;}}@media all and (max-width: 1024px){.kadence-column241_bb3169-aa{text-align:center;}}@media all and (max-width: 767px){.kadence-column241_bb3169-aa > .kt-inside-inner-col{flex-direction:column;justify-content:center;}.kadence-column241_bb3169-aa, .kt-inside-inner-col > .kadence-column241_bb3169-aa:not(.specificity){margin-bottom:var(--global-kb-spacing-md, 2rem);}}<\/style>\n<div class=\"wp-block-kadence-column kadence-column241_bb3169-aa kb-section-dir-vertical inner-column-1\"><div class=\"kt-inside-inner-col\">\n<p><mark style=\"background-color:rgba(0, 0, 0, 0)\" class=\"has-inline-color has-theme-palette-1-color\">VOLUMEN 1<\/mark><\/p>\n\n\n<style>.wp-block-kadence-advancedheading.kt-adv-heading241_a11aaa-f5, .wp-block-kadence-advancedheading.kt-adv-heading241_a11aaa-f5[data-kb-block=\"kb-adv-heading241_a11aaa-f5\"]{margin-top:0px;margin-bottom:var(--global-kb-spacing-lg, 3rem);font-size:var(--global-kb-font-size-xxl, 4rem);line-height:1.2;font-style:normal;}.wp-block-kadence-advancedheading.kt-adv-heading241_a11aaa-f5 mark.kt-highlight, .wp-block-kadence-advancedheading.kt-adv-heading241_a11aaa-f5[data-kb-block=\"kb-adv-heading241_a11aaa-f5\"] mark.kt-highlight{font-style:normal;color:#f76a0c;-webkit-box-decoration-break:clone;box-decoration-break:clone;padding-top:0px;padding-right:0px;padding-bottom:0px;padding-left:0px;}.wp-block-kadence-advancedheading.kt-adv-heading241_a11aaa-f5 img.kb-inline-image, .wp-block-kadence-advancedheading.kt-adv-heading241_a11aaa-f5[data-kb-block=\"kb-adv-heading241_a11aaa-f5\"] img.kb-inline-image{width:150px;vertical-align:baseline;}@media all and (max-width: 1024px){.wp-block-kadence-advancedheading.kt-adv-heading241_a11aaa-f5, .wp-block-kadence-advancedheading.kt-adv-heading241_a11aaa-f5[data-kb-block=\"kb-adv-heading241_a11aaa-f5\"]{font-size:var(--global-kb-font-size-lg, 2rem);text-align:left!important;}}<\/style>\n<h1 class=\"kt-adv-heading241_a11aaa-f5 wp-block-kadence-advancedheading\" data-kb-block=\"kb-adv-heading241_a11aaa-f5\">COBRE: ACTUALIDAD, FLOTACI\u00d3N Y CELDAS DE FLORACI\u00d3N<\/h1>\n\n\n<style>.wp-block-kadence-advancedheading.kt-adv-heading241_66d151-47, .wp-block-kadence-advancedheading.kt-adv-heading241_66d151-47[data-kb-block=\"kb-adv-heading241_66d151-47\"]{font-style:normal;}.wp-block-kadence-advancedheading.kt-adv-heading241_66d151-47 mark.kt-highlight, .wp-block-kadence-advancedheading.kt-adv-heading241_66d151-47[data-kb-block=\"kb-adv-heading241_66d151-47\"] mark.kt-highlight{font-style:normal;color:#f76a0c;-webkit-box-decoration-break:clone;box-decoration-break:clone;padding-top:0px;padding-right:0px;padding-bottom:0px;padding-left:0px;}.wp-block-kadence-advancedheading.kt-adv-heading241_66d151-47 img.kb-inline-image, .wp-block-kadence-advancedheading.kt-adv-heading241_66d151-47[data-kb-block=\"kb-adv-heading241_66d151-47\"] img.kb-inline-image{width:150px;vertical-align:baseline;}@media all and (max-width: 1024px){.wp-block-kadence-advancedheading.kt-adv-heading241_66d151-47, .wp-block-kadence-advancedheading.kt-adv-heading241_66d151-47[data-kb-block=\"kb-adv-heading241_66d151-47\"]{text-align:left!important;}}<\/style>\n<p class=\"kt-adv-heading241_66d151-47 wp-block-kadence-advancedheading has-theme-palette-4-color has-text-color\" data-kb-block=\"kb-adv-heading241_66d151-47\">El cobre <strong>es un elemento estrat\u00e9gico en la transici\u00f3n energ\u00e9tica<\/strong>, indispensable para tecnolog\u00edas como la <strong>electromovilidad<\/strong> y <strong>las energ\u00edas renovables<\/strong> debido a su alta <strong>conductividad<\/strong> y <strong>versatilidad<\/strong>. En el Per\u00fa, su obtenci\u00f3n se basa principalmente en la <strong>flotaci\u00f3n<\/strong>, un proceso fisicoqu\u00edmico donde, mediante el control preciso de reactivos, aire y pulpa, se logra separar y concentrar el mineral valioso en forma de espuma. Este proceso no solo refleja la complejidad de la ingenier\u00eda qu\u00edmica, sino tambi\u00e9n su capacidad para optimizar la eficiencia y sostenibilidad, transformando recursos naturales en materiales clave para el desarrollo de un futuro energ\u00e9tico m\u00e1s limpio y tecnol\u00f3gico.<\/p>\n\n\n\n<div class=\"_df_thumb \" id=\"df_69\"  _slug=\"volumen-1\" data-title=\"volumen-1\" wpoptions=\"true\" thumb=\"https:\/\/thecatalyst.pe\/wp-content\/uploads\/2025\/12\/Screenshot-2026-01-28-at-5.09.38-PM.png\" thumbtype=\"\" >VOLUMEN 1<\/div><script class=\"df-shortcode-script\" nowprocket type=\"application\/javascript\">window.option_df_69 = {\"outline\":[],\"autoEnableOutline\":\"false\",\"autoEnableThumbnail\":\"false\",\"overwritePDFOutline\":\"false\",\"direction\":\"1\",\"pageSize\":\"0\",\"source\":\"https:\\\/\\\/thecatalyst.pe\\\/wp-content\\\/uploads\\\/2025\\\/12\\\/Volumen-1.-1.pdf\",\"wpOptions\":\"true\"}; if(window.DFLIP && window.DFLIP.parseBooks){window.DFLIP.parseBooks();}<\/script>\n<\/div><\/div>\n\n\n<style>.kadence-column241_86b5c4-59 > .kt-inside-inner-col,.kadence-column241_86b5c4-59 > .kt-inside-inner-col:before{border-top-left-radius:0px;border-top-right-radius:0px;border-bottom-right-radius:0px;border-bottom-left-radius:0px;}.kadence-column241_86b5c4-59 > .kt-inside-inner-col{column-gap:var(--global-kb-gap-sm, 1rem);}.kadence-column241_86b5c4-59 > .kt-inside-inner-col{flex-direction:column;}.kadence-column241_86b5c4-59 > .kt-inside-inner-col > .aligncenter{width:100%;}.kadence-column241_86b5c4-59 > .kt-inside-inner-col:before{opacity:0.3;}.kadence-column241_86b5c4-59{position:relative;}@media all and (max-width: 1024px){.kadence-column241_86b5c4-59 > .kt-inside-inner-col{flex-direction:column;justify-content:center;}}@media all and (max-width: 767px){.kadence-column241_86b5c4-59 > .kt-inside-inner-col{flex-direction:column;justify-content:center;}}<\/style>\n<div class=\"wp-block-kadence-column kadence-column241_86b5c4-59 inner-column-2\"><div class=\"kt-inside-inner-col\"><style>.kb-image241_3381d1-7b .kb-image-has-overlay:after{opacity:0.3;border-top-left-radius:15px;border-top-right-radius:15px;border-bottom-right-radius:15px;border-bottom-left-radius:15px;}.kb-image241_3381d1-7b img.kb-img, .kb-image241_3381d1-7b .kb-img img{border-top-left-radius:15px;border-top-right-radius:15px;border-bottom-right-radius:15px;border-bottom-left-radius:15px;}@media all and (max-width: 767px){.wp-block-kadence-image.kb-image241_3381d1-7b:not(.kb-specificity-added):not(.kb-extra-specificity-added){margin-right:0px;margin-left:0px;}}<\/style>\n<figure class=\"wp-block-kadence-image kb-image241_3381d1-7b size-full kb-image-is-ratio-size\"><div class=\"kb-is-ratio-image kb-image-ratio-square\"><img loading=\"lazy\" decoding=\"async\" width=\"500\" height=\"500\" src=\"https:\/\/thecatalyst.pe\/wp-content\/uploads\/2026\/03\/100-500x500-1.webp\" alt=\"\" class=\"kb-img wp-image-680\" srcset=\"https:\/\/thecatalyst.pe\/wp-content\/uploads\/2026\/03\/100-500x500-1.webp 500w, https:\/\/thecatalyst.pe\/wp-content\/uploads\/2026\/03\/100-500x500-1-300x300.webp 300w, https:\/\/thecatalyst.pe\/wp-content\/uploads\/2026\/03\/100-500x500-1-150x150.webp 150w, https:\/\/thecatalyst.pe\/wp-content\/uploads\/2026\/03\/100-500x500-1-100x100.webp 100w\" sizes=\"auto, (max-width: 500px) 100vw, 500px\" \/><\/div><\/figure>\n<\/div><\/div>\n\n<\/div><\/div>","protected":false},"excerpt":{"rendered":"<p>VOLUMEN 1 COBRE: ACTUALIDAD, FLOTACI\u00d3N Y CELDAS DE FLORACI\u00d3N El cobre es un elemento estrat\u00e9gico en la transici\u00f3n energ\u00e9tica, indispensable para tecnolog\u00edas como la electromovilidad y las energ\u00edas renovables debido a su alta conductividad y versatilidad. En el Per\u00fa, su obtenci\u00f3n se basa principalmente en la flotaci\u00f3n, un proceso fisicoqu\u00edmico donde, mediante el control preciso&#8230;<\/p>\n","protected":false},"author":1,"featured_media":0,"parent":0,"menu_order":0,"comment_status":"closed","ping_status":"closed","template":"","meta":{"_kadence_starter_templates_imported_post":false,"_kad_post_transparent":"","_kad_post_title":"","_kad_post_layout":"","_kad_post_sidebar_id":"","_kad_post_content_style":"","_kad_post_vertical_padding":"","_kad_post_feature":"","_kad_post_feature_position":"","_kad_post_header":false,"_kad_post_footer":false,"_kad_post_classname":"","footnotes":""},"class_list":["post-241","page","type-page","status-publish","hentry"],"_links":{"self":[{"href":"https:\/\/thecatalyst.pe\/index.php\/wp-json\/wp\/v2\/pages\/241","targetHints":{"allow":["GET"]}}],"collection":[{"href":"https:\/\/thecatalyst.pe\/index.php\/wp-json\/wp\/v2\/pages"}],"about":[{"href":"https:\/\/thecatalyst.pe\/index.php\/wp-json\/wp\/v2\/types\/page"}],"author":[{"embeddable":true,"href":"https:\/\/thecatalyst.pe\/index.php\/wp-json\/wp\/v2\/users\/1"}],"replies":[{"embeddable":true,"href":"https:\/\/thecatalyst.pe\/index.php\/wp-json\/wp\/v2\/comments?post=241"}],"version-history":[{"count":6,"href":"https:\/\/thecatalyst.pe\/index.php\/wp-json\/wp\/v2\/pages\/241\/revisions"}],"predecessor-version":[{"id":683,"href":"https:\/\/thecatalyst.pe\/index.php\/wp-json\/wp\/v2\/pages\/241\/revisions\/683"}],"wp:attachment":[{"href":"https:\/\/thecatalyst.pe\/index.php\/wp-json\/wp\/v2\/media?parent=241"}],"curies":[{"name":"wp","href":"https:\/\/api.w.org\/{rel}","templated":true}]}}